{"id":31,"date":"2025-06-09T20:18:48","date_gmt":"2025-06-09T20:18:48","guid":{"rendered":"https:\/\/peugetlab.com\/?page_id=31"},"modified":"2026-01-19T20:57:26","modified_gmt":"2026-01-19T19:57:26","slug":"news","status":"publish","type":"page","link":"https:\/\/peugetlab.com\/?page_id=31","title":{"rendered":"News"},"content":{"rendered":"\n<div class=\"wp-block-group is-vertical is-layout-flex wp-container-core-group-is-layout-fe9cc265 wp-block-group-is-layout-flex\">\n<p class=\"wp-container-content-9cfa9a5a\"><strong>2026-01-19<\/strong> <strong>&#8211; Rugil\u0117 joins the lab<\/strong><br>We welcome Rugil\u0117 Gineikait\u0117 who joined the team for her Master&#8217;s project.<\/p>\n\n\n\n<p class=\"wp-container-content-9cfa9a5a\"><strong>2026-01-07<\/strong> <strong>&#8211; Margaux joins the lab<\/strong><br>Margaux Gaborieau joined the lab for her PhD project, welcome!<\/p>\n\n\n\n<p class=\"wp-container-content-9cfa9a5a\"><strong>2025-12-28<\/strong> <strong>&#8211; Support from Gustafsson Foundation<\/strong><br>Marie-Steph was awarded funding from Bengt E Gustafsson Foundation&nbsp;for her work on <em>Klebsiella pneumoniae<\/em> Type VI Secretion System (T6SS) as a driver of gut inflammation and tumorigenesis.<\/p>\n\n\n\n<p class=\"wp-container-content-9cfa9a5a\"><strong>2025-12-10<\/strong> <strong>&#8211; Travel grant obtained by Konstantinos<\/strong><br>Konstantinos&nbsp;received a competitive travel grant from Radiumhemmets Forskningsfonder to attend the Cell Symposium on Host-Microbe dynamics, 2026.<\/p>\n\n\n\n<p class=\"wp-container-content-9cfa9a5a\"><strong>2025-12-03<\/strong> <strong>&#8211; Ivanna joins the lab<\/strong><br>Dr. Ivanna Prylutska joined the lab for her postdoc. Welcome!<\/p>\n\n\n\n<p class=\"wp-container-content-9cfa9a5a\"><strong>2025-11-10<\/strong> <strong>&#8211; Continued support from Cancerfonden<\/strong><br>Sylvain has been awarded a three-years project grant from the Swedish Cancer Society (Cancerfonden) to study the mechanisms of p53 dysregulation by oncogenic bacteria in cancer.<\/p>\n\n\n\n<p class=\"wp-container-content-9cfa9a5a\"><strong>2025-10-24<\/strong> <strong>&#8211; The Royal Swedish Academy of Engineering Sciences features our research<\/strong><br>The Royal Swedish Academy of Engineering Sciences (IVA) produced a short film highlighting our recent Cell publication conducted in collaboration with Saei\u2019s lab (Karolinska Institute) and Collins lab (MIT). In the film, which was presented during the <a href=\"https:\/\/www.iva.se\/en\/what-iva-does\/events\/HS-2025\/\" data-type=\"link\" data-id=\"https:\/\/www.iva.se\/en\/what-iva-does\/events\/HS-2025\/\">IVA annual meeting<\/a> in Stockholm City Hall, Marie-Steph presents our study on generative AI for antibiotic design, together with Dr. Amir Saei and Dr. Edmund Loh.<\/p>\n\n\n\n<div class=\"wp-block-group has-global-padding is-layout-constrained wp-container-core-group-is-layout-71809c66 wp-block-group-is-layout-constrained\" style=\"padding-right:var(--wp--preset--spacing--30);padding-left:var(--wp--preset--spacing--30)\">\n<figure class=\"wp-block-video\"><video height=\"480\" style=\"aspect-ratio: 848 \/ 480;\" width=\"848\" controls src=\"https:\/\/peugetlab.com\/wp-content\/uploads\/2025\/10\/251025-MSA.mp4\"><\/video><\/figure>\n<\/div>\n\n\n\n<p class=\"wp-container-content-9cfa9a5a\"><strong>2025-10-20<\/strong> <strong>&#8211; 11<sup>th<\/sup> National Infection Biology Meeting, B\u00e5lsta<\/strong><br>Great presentation of his PhD work by Konstantinos, congratulations!<\/p>\n\n\n\n<figure class=\"wp-block-image size-large is-resized has-custom-border is-style-rounded wp-duotone-unset-2 is-style-rounded--1\" style=\"margin-top:0;margin-right:var(--wp--preset--spacing--30);margin-bottom:0;margin-left:var(--wp--preset--spacing--30)\"><img loading=\"lazy\" decoding=\"async\" width=\"1024\" height=\"619\" src=\"https:\/\/peugetlab.com\/wp-content\/uploads\/2025\/10\/1761225536739-1024x619.jpg\" alt=\"\" class=\"wp-image-364\" style=\"border-style:none;border-width:0px;width:501px;height:auto\" srcset=\"https:\/\/peugetlab.com\/wp-content\/uploads\/2025\/10\/1761225536739-1024x619.jpg 1024w, https:\/\/peugetlab.com\/wp-content\/uploads\/2025\/10\/1761225536739-300x181.jpg 300w, https:\/\/peugetlab.com\/wp-content\/uploads\/2025\/10\/1761225536739-768x464.jpg 768w, https:\/\/peugetlab.com\/wp-content\/uploads\/2025\/10\/1761225536739-1536x928.jpg 1536w, https:\/\/peugetlab.com\/wp-content\/uploads\/2025\/10\/1761225536739.jpg 1600w\" sizes=\"auto, (max-width: 1024px) 100vw, 1024px\" \/><\/figure>\n\n\n\n<p class=\"wp-container-content-9cfa9a5a\"><strong>2025-10-08<\/strong> <strong>&#8211; Mira joins the lab<\/strong><br>Mridini Mehta (Mira) joined us to work on her Master&#8217;s project. Welcome to the team!<\/p>\n\n\n\n<p class=\"wp-container-content-9cfa9a5a\"><strong>2025-10-01<\/strong> <strong>&#8211; Bacterial Pathogens and Host Cell Interactions conference, Quy Nhon, Viet Nam<\/strong><br>Marie-Steph was invited to present our work at the Bacterial Pathogens and Host Cell Interactions conference organized by the International Centre for Interdisciplinary Science Education (ICISE) in Quy Nhon, Viet Nam.<\/p>\n\n\n\n<figure class=\"wp-block-image size-large is-resized has-custom-border is-style-rounded wp-duotone-unset-4 is-style-rounded--3\" style=\"margin-top:0;margin-right:var(--wp--preset--spacing--30);margin-bottom:0;margin-left:var(--wp--preset--spacing--30)\"><img loading=\"lazy\" decoding=\"async\" width=\"1024\" height=\"682\" src=\"https:\/\/peugetlab.com\/wp-content\/uploads\/2025\/10\/251001MSA-1024x682.jpg\" alt=\"\" class=\"wp-image-348\" style=\"border-style:none;border-width:0px;width:501px;height:auto\" srcset=\"https:\/\/peugetlab.com\/wp-content\/uploads\/2025\/10\/251001MSA-1024x682.jpg 1024w, https:\/\/peugetlab.com\/wp-content\/uploads\/2025\/10\/251001MSA-300x200.jpg 300w, https:\/\/peugetlab.com\/wp-content\/uploads\/2025\/10\/251001MSA-768x512.jpg 768w, https:\/\/peugetlab.com\/wp-content\/uploads\/2025\/10\/251001MSA-1536x1023.jpg 1536w, https:\/\/peugetlab.com\/wp-content\/uploads\/2025\/10\/251001MSA.jpg 1600w\" sizes=\"auto, (max-width: 1024px) 100vw, 1024px\" \/><\/figure>\n\n\n\n<p class=\"wp-container-content-9cfa9a5a\"><strong>2025-09-29<\/strong> &#8211; <strong>Karolinska Institute Infection Retreat<\/strong><br>Konstantinos abstract was selected for an oral presentation at the KI Infection Biology network annual retreat at Yasuragi, Stockholm. Congratulations!<\/p>\n\n\n\n<p class=\"wp-container-content-9cfa9a5a\"><strong>2025-09-01<\/strong> &#8211; <strong>Website Launch<\/strong>!<br>Finally, our website is live! Stay tuned for updates on our lab and research, and follow us on LinkedIn or Bluesky for the latest news.<\/p>\n<\/div>\n","protected":false},"excerpt":{"rendered":"<p>2026-01-19 &#8211; Rugil\u0117 joins the labWe welcome Rugil\u0117 Gineikait\u0117 who joined the team for her Master&#8217;s project. 2026-01-07 &#8211; Margaux joins the labMargaux Gaborieau joined the lab for her PhD project, welcome! 2025-12-28 &#8211; Support from Gustafsson FoundationMarie-Steph was awarded funding from Bengt E Gustafsson Foundation&nbsp;for her work on Klebsiella pneumoniae Type VI Secretion System [&hellip;]<\/p>\n","protected":false},"author":1,"featured_media":0,"parent":0,"menu_order":0,"comment_status":"closed","ping_status":"closed","template":"","meta":{"footnotes":""},"class_list":["post-31","page","type-page","status-publish","hentry"],"featured_image_src":null,"_links":{"self":[{"href":"https:\/\/peugetlab.com\/index.php?rest_route=\/wp\/v2\/pages\/31","targetHints":{"allow":["GET"]}}],"collection":[{"href":"https:\/\/peugetlab.com\/index.php?rest_route=\/wp\/v2\/pages"}],"about":[{"href":"https:\/\/peugetlab.com\/index.php?rest_route=\/wp\/v2\/types\/page"}],"author":[{"embeddable":true,"href":"https:\/\/peugetlab.com\/index.php?rest_route=\/wp\/v2\/users\/1"}],"replies":[{"embeddable":true,"href":"https:\/\/peugetlab.com\/index.php?rest_route=%2Fwp%2Fv2%2Fcomments&post=31"}],"version-history":[{"count":32,"href":"https:\/\/peugetlab.com\/index.php?rest_route=\/wp\/v2\/pages\/31\/revisions"}],"predecessor-version":[{"id":445,"href":"https:\/\/peugetlab.com\/index.php?rest_route=\/wp\/v2\/pages\/31\/revisions\/445"}],"wp:attachment":[{"href":"https:\/\/peugetlab.com\/index.php?rest_route=%2Fwp%2Fv2%2Fmedia&parent=31"}],"curies":[{"name":"wp","href":"https:\/\/api.w.org\/{rel}","templated":true}]}}